{"id":39,"date":"2025-02-05T12:48:36","date_gmt":"2025-02-05T12:48:36","guid":{"rendered":"https:\/\/peritacionespablolazaro.es\/?page_id=39"},"modified":"2025-02-27T10:46:25","modified_gmt":"2025-02-27T10:46:25","slug":"inicio","status":"publish","type":"page","link":"https:\/\/peritacionespablolazaro.es\/en\/","title":{"rendered":"Inicio"},"content":{"rendered":"<p>[et_pb_section fb_built=\u00bb1&#8243; admin_label=\u00bbHeader\u00bb _builder_version=\u00bb4.27.4&#8243; _module_preset=\u00bbdefault\u00bb background_color=\u00bbgcid-c67e4c14-9f9a-4541-bcfb-a3dbe227e267&#8243; use_background_color_gradient=\u00bbon\u00bb background_color_gradient_stops=\u00bbgcid-c67e4c14-9f9a-4541-bcfb-a3dbe227e267 10%|#ffffff 100%\u00bb background_image=\u00bbhttps:\/\/peritacionespablolazaro.es\/wp-content\/uploads\/2025\/02\/auto-parts-2b.jpg\u00bb parallax=\u00bbon\u00bb collapsed=\u00bbon\u00bb global_colors_info=\u00bb{%22gcid-c67e4c14-9f9a-4541-bcfb-a3dbe227e267%22:%91%22background_color%22,%22background_pattern_color%22%93}\u00bb][et_pb_row _builder_version=\u00bb4.23.1&#8243; _module_preset=\u00bbdefault\u00bb global_colors_info=\u00bb{}\u00bb][et_pb_column type=\u00bb4_4&#8243; _builder_version=\u00bb4.22.1&#8243; _module_preset=\u00bbdefault\u00bb global_colors_info=\u00bb{}\u00bb][et_pb_text _builder_version=\u00bb4.27.4&#8243; _module_preset=\u00bb38843c5e-494a-4120-8e01-1c68e70b7887&#8243; header_text_align=\u00bbcenter\u00bb header_text_color=\u00bb#FFFFFF\u00bb background_color=\u00bbrgba(0,0,0,0.34)\u00bb global_colors_info=\u00bb{}\u00bb]<\/p>\n<h1>Peritaci\u00f3n profesional de tu veh\u00edculo<\/h1>\n<p>[\/et_pb_text][et_pb_text _builder_version=\u00bb4.27.4&#8243; _module_preset=\u00bbdefault\u00bb text_font=\u00bb||||||||\u00bb text_text_color=\u00bb#FFFFFF\u00bb text_font_size=\u00bb17px\u00bb text_line_height=\u00bb1.9em\u00bb background_color=\u00bbrgba(0,0,0,0.44)\u00bb global_colors_info=\u00bb{}\u00bb]<\/p>\n<p style=\"text-align: justify;\">En <strong>PERITACIONES PABLO LAZARO<\/strong> nos especializamos en ofrecer servicios profesionales de peritaje para veh\u00edculos. Con una s\u00f3lida experiencia en el sector, evaluamos detalladamente el estado y el valor de cada autom\u00f3vil, proporcionando informes precisos y confiables tanto para aseguradoras, compradores como vendedores. Nuestro compromiso es garantizar la transparencia y la eficiencia en cada an\u00e1lisis, utilizando tecnolog\u00eda de vanguardia y la experticia de nuestros peritos certificados para asesorarte en cada paso del proceso.<\/p>\n<p style=\"text-align: justify;\">Conf\u00eda en nosotros para obtener una evaluaci\u00f3n imparcial y detallada, y toma decisiones informadas con el respaldo de un equipo profesional dedicado a la excelencia.<\/p>\n<p>[\/et_pb_text][\/et_pb_column][\/et_pb_row][\/et_pb_section][et_pb_section fb_built=\u00bb1&#8243; admin_label=\u00bbProducts &#038; Services\u00bb _builder_version=\u00bb4.22.1&#8243; _module_preset=\u00bbdefault\u00bb background_color=\u00bbgcid-40afeb94-f3a1-4b01-a695-ff82654e75f2&#8243; collapsed=\u00bbon\u00bb global_colors_info=\u00bb{%22gcid-40afeb94-f3a1-4b01-a695-ff82654e75f2%22:%91%22background_color%22%93}\u00bb][et_pb_row _builder_version=\u00bb4.22.1&#8243; _module_preset=\u00bbdefault\u00bb global_colors_info=\u00bb{}\u00bb][et_pb_column type=\u00bb4_4&#8243; _builder_version=\u00bb4.22.1&#8243; _module_preset=\u00bbdefault\u00bb global_colors_info=\u00bb{}\u00bb][et_pb_text _builder_version=\u00bb4.27.4&#8243; _module_preset=\u00bbb9ae02f0-ba6d-42af-a6ac-c5be58e467e4&#8243; header_2_text_color=\u00bb#FFFFFF\u00bb custom_margin=\u00bb||10px||false|false\u00bb global_colors_info=\u00bb{}\u00bb]<\/p>\n<h2>Especialistas en&#8230;<\/h2>\n<p>[\/et_pb_text][\/et_pb_column][\/et_pb_row][et_pb_row column_structure=\u00bb1_4,1_4,1_2&#8243; use_custom_gutter=\u00bbon\u00bb gutter_width=\u00bb2&#8243; make_equal=\u00bbon\u00bb _builder_version=\u00bb4.22.1&#8243; _module_preset=\u00bbdefault\u00bb global_colors_info=\u00bb{}\u00bb][et_pb_column type=\u00bb1_4&#8243; _builder_version=\u00bb4.22.1&#8243; _module_preset=\u00bbdefault\u00bb background_color=\u00bbgcid-b74eef71-a268-4efe-841b-c8ec143deee4&#8243; custom_padding=\u00bb|30px|4vw|30px|false|true\u00bb border_width_all=\u00bb1px\u00bb border_color_all=\u00bbgcid-b74eef71-a268-4efe-841b-c8ec143deee4&#8243; global_colors_info=\u00bb{%22gcid-b74eef71-a268-4efe-841b-c8ec143deee4%22:%91%22border_color_all%22,%22background_color%22%93}\u00bb][et_pb_image src=\u00bbhttps:\/\/peritacionespablolazaro.es\/wp-content\/uploads\/2025\/02\/auto-parts-3b.jpg\u00bb title_text=\u00bbauto-parts-3b\u00bb _builder_version=\u00bb4.22.1&#8243; _module_preset=\u00bbdefault\u00bb custom_margin=\u00bb|-30px||-30px|false|true\u00bb global_colors_info=\u00bb{}\u00bb][\/et_pb_image][et_pb_text _builder_version=\u00bb4.27.4&#8243; _module_preset=\u00bbfa2c10c9-0a3f-4b43-b24f-f5adfe27b6ed\u00bb header_4_text_color=\u00bbgcid-40afeb94-f3a1-4b01-a695-ff82654e75f2&#8243; global_colors_info=\u00bb{%22gcid-40afeb94-f3a1-4b01-a695-ff82654e75f2%22:%91%22header_4_text_color%22%93}\u00bb]<\/p>\n<h4>LEGALIZACI\u00d3N DE VEH\u00cdCULOS &#8211; REFORMAS<\/h4>\n<p>[\/et_pb_text][\/et_pb_column][et_pb_column type=\u00bb1_4&#8243; _builder_version=\u00bb4.22.1&#8243; _module_preset=\u00bbdefault\u00bb background_color=\u00bbgcid-b74eef71-a268-4efe-841b-c8ec143deee4&#8243; custom_padding=\u00bb30px|30px||30px|false|true\u00bb border_width_all=\u00bb1px\u00bb border_color_all=\u00bbgcid-b74eef71-a268-4efe-841b-c8ec143deee4&#8243; global_colors_info=\u00bb{%22gcid-b74eef71-a268-4efe-841b-c8ec143deee4%22:%91%22border_color_all%22,%22background_color%22%93}\u00bb][et_pb_text _builder_version=\u00bb4.27.4&#8243; _module_preset=\u00bbfa2c10c9-0a3f-4b43-b24f-f5adfe27b6ed\u00bb header_4_text_color=\u00bbgcid-40afeb94-f3a1-4b01-a695-ff82654e75f2&#8243; global_colors_info=\u00bb{%22gcid-40afeb94-f3a1-4b01-a695-ff82654e75f2%22:%91%22header_4_text_color%22%93}\u00bb]<\/p>\n<h4>INFORMES PERICIALES<\/h4>\n<p>[\/et_pb_text][et_pb_image src=\u00bbhttps:\/\/peritacionespablolazaro.es\/wp-content\/uploads\/2025\/02\/auto-parts-4.jpg\u00bb title_text=\u00bbauto-parts-4&#8243; _builder_version=\u00bb4.22.1&#8243; _module_preset=\u00bbdefault\u00bb custom_margin=\u00bb4vw|-30px||-30px|false|true\u00bb global_colors_info=\u00bb{}\u00bb][\/et_pb_image][\/et_pb_column][et_pb_column type=\u00bb1_2&#8243; _builder_version=\u00bb4.22.1&#8243; _module_preset=\u00bbdefault\u00bb background_image=\u00bbhttps:\/\/peritacionespablolazaro.es\/wp-content\/uploads\/2025\/02\/auto-parts-5.jpg\u00bb border_width_all=\u00bb1px\u00bb border_color_all=\u00bb#FFFFFF\u00bb global_colors_info=\u00bb{}\u00bb][et_pb_text _builder_version=\u00bb4.27.4&#8243; _module_preset=\u00bbfa2c10c9-0a3f-4b43-b24f-f5adfe27b6ed\u00bb header_5_text_color=\u00bbgcid-40afeb94-f3a1-4b01-a695-ff82654e75f2&#8243; background_color=\u00bb#FFFFFF\u00bb width=\u00bb50%\u00bb module_alignment=\u00bbright\u00bb custom_margin=\u00bb||8vw||false|false\u00bb custom_padding=\u00bb160px|20px|20px|20px|false|true\u00bb global_colors_info=\u00bb{%22gcid-40afeb94-f3a1-4b01-a695-ff82654e75f2%22:%91%22header_5_text_color%22%93}\u00bb]<\/p>\n<h4>VICIOS OCULTOS<\/h4>\n<p>[\/et_pb_text][\/et_pb_column][\/et_pb_row][\/et_pb_section][et_pb_section fb_built=\u00bb1&#8243; _builder_version=\u00bb4.27.4&#8243; _module_preset=\u00bbdefault\u00bb global_colors_info=\u00bb{}\u00bb][et_pb_row column_structure=\u00bb1_3,1_3,1_3&#8243; _builder_version=\u00bb4.27.4&#8243; _module_preset=\u00bbdefault\u00bb global_colors_info=\u00bb{}\u00bb][et_pb_column type=\u00bb1_3&#8243; _builder_version=\u00bb4.27.4&#8243; _module_preset=\u00bbdefault\u00bb global_colors_info=\u00bb{}\u00bb][et_pb_blurb title=\u00bbPeritaci\u00f3n r\u00e1pida\u00bb use_icon=\u00bbon\u00bb font_icon=\u00bb&#x7d;||divi||400&#8243; icon_color=\u00bb#719b1d\u00bb _builder_version=\u00bb4.27.4&#8243; _module_preset=\u00bbdefault\u00bb header_font=\u00bb|700|||||||\u00bb header_text_align=\u00bbcenter\u00bb header_text_color=\u00bb#000000&#8243; body_text_color=\u00bb#000000&#8243; global_colors_info=\u00bb{}\u00bb]<\/p>\n<p style=\"text-align: justify;\"><span>Nuestra experiencia como\u00a0<\/span><strong>peritos de autos<\/strong><span>\u00a0hace que seamos capaces de adelantarnos a las posibles dificultades para realizar un\u00a0<\/span><strong>trabajo eficaz<\/strong><span>\u00a0en el menor tiempo posible.<\/span><\/p>\n<p>[\/et_pb_blurb][\/et_pb_column][et_pb_column type=\u00bb1_3&#8243; _builder_version=\u00bb4.27.4&#8243; _module_preset=\u00bbdefault\u00bb global_colors_info=\u00bb{}\u00bb][et_pb_blurb title=\u00bbValoraci\u00f3n Objetiva\u00bb use_icon=\u00bbon\u00bb font_icon=\u00bb&#xe001;||divi||400&#8243; icon_color=\u00bb#719b1d\u00bb _builder_version=\u00bb4.27.4&#8243; _module_preset=\u00bbdefault\u00bb header_font=\u00bb|700|||||||\u00bb header_text_align=\u00bbcenter\u00bb header_text_color=\u00bb#000000&#8243; body_text_color=\u00bb#000000&#8243; global_colors_info=\u00bb{}\u00bb]<\/p>\n<p style=\"text-align: justify;\"><span>Realizamos\u00a0<\/span><strong>peritaciones de coche<\/strong><span>\u00a0lo mas objetivas posible para un resultado m\u00e1s realista que facilite la resoluci\u00f3n del conflicto.<\/span><\/p>\n<p>[\/et_pb_blurb][\/et_pb_column][et_pb_column type=\u00bb1_3&#8243; _builder_version=\u00bb4.27.4&#8243; _module_preset=\u00bbdefault\u00bb global_colors_info=\u00bb{}\u00bb][et_pb_blurb title=\u00bbPeritaci\u00f3n Segunda Mano\u00bb use_icon=\u00bbon\u00bb font_icon=\u00bb&#xe035;||divi||400&#8243; icon_color=\u00bb#719b1d\u00bb _builder_version=\u00bb4.27.4&#8243; _module_preset=\u00bbdefault\u00bb header_font=\u00bb|700|||||||\u00bb header_text_align=\u00bbcenter\u00bb header_text_color=\u00bb#000000&#8243; body_text_color=\u00bb#000000&#8243; global_colors_info=\u00bb{}\u00bb]<\/p>\n<p style=\"text-align: justify;\"><span>Somos expertos en peritaciones de\u00a0<\/span><strong>vicios ocultos<\/strong><span>\u00a0en veh\u00edculos de segunda mano.<\/span><\/p>\n<p>[\/et_pb_blurb][\/et_pb_column][\/et_pb_row][\/et_pb_section][et_pb_section fb_built=\u00bb1&#8243; admin_label=\u00bbVideo &#038; CTA\u00bb _builder_version=\u00bb4.22.1&#8243; _module_preset=\u00bbdefault\u00bb background_color=\u00bbgcid-40afeb94-f3a1-4b01-a695-ff82654e75f2&#8243; custom_padding=\u00bb||0px||false|false\u00bb collapsed=\u00bbon\u00bb global_colors_info=\u00bb{%22gcid-40afeb94-f3a1-4b01-a695-ff82654e75f2%22:%91%22background_color%22%93}\u00bb][et_pb_row _builder_version=\u00bb4.22.1&#8243; _module_preset=\u00bbdefault\u00bb global_colors_info=\u00bb{}\u00bb][et_pb_column type=\u00bb4_4&#8243; _builder_version=\u00bb4.22.1&#8243; _module_preset=\u00bbdefault\u00bb global_colors_info=\u00bb{}\u00bb][et_pb_text _builder_version=\u00bb4.27.4&#8243; _module_preset=\u00bbb9ae02f0-ba6d-42af-a6ac-c5be58e467e4&#8243; header_2_text_color=\u00bb#FFFFFF\u00bb global_colors_info=\u00bb{}\u00bb]<\/p>\n<h2>Peritaje de Siniestros<\/h2>\n<p>[\/et_pb_text][et_pb_text _builder_version=\u00bb4.27.4&#8243; _module_preset=\u00bbdefault\u00bb text_text_color=\u00bb#FFFFFF\u00bb text_font_size=\u00bb16px\u00bb global_colors_info=\u00bb{}\u00bb]<\/p>\n<div class=\"et_pb_module et_pb_text et_pb_text_9 et_pb_bg_layout_light  et_pb_text_align_left\">\n<div class=\"et_pb_text_inner\">\n<p style=\"text-align: justify;\">Es la manera m\u00e1s com\u00fan del trabajo de un<span>\u00a0<\/span><strong>Perito de Coches<\/strong>, pero ya hab\u00e9is visto que no es la \u00fanica. Peritaci\u00f3n para certificar los da\u00f1os que tiene el veh\u00edculo siniestrado. Comprobar si es necesario si la causa del incidente ha sido provocada por un<span>\u00a0<\/span><strong>fallo mec\u00e1nico o humano<\/strong>. Determinando en cualquiera de los casos la responsabilidad.\u00a0<\/p>\n<\/div>\n<\/div>\n<p>[\/et_pb_text][\/et_pb_column][\/et_pb_row][et_pb_row column_structure=\u00bb1_3,1_3,1_3&#8243; _builder_version=\u00bb4.27.4&#8243; _module_preset=\u00bbdefault\u00bb global_colors_info=\u00bb{}\u00bb][et_pb_column type=\u00bb1_3&#8243; _builder_version=\u00bb4.27.4&#8243; _module_preset=\u00bbdefault\u00bb global_colors_info=\u00bb{}\u00bb][et_pb_text _builder_version=\u00bb4.27.4&#8243; _module_preset=\u00bbdefault\u00bb text_text_color=\u00bb#FFFFFF\u00bb text_font_size=\u00bb21px\u00bb global_colors_info=\u00bb{}\u00bb]<\/p>\n<p style=\"text-align: justify;\"><span>Peritaje de veh\u00edculos despu\u00e9s de un\u00a0<\/span><strong>accidente<\/strong><span>. Revisi\u00f3n mec\u00e1nica y est\u00e9tica del veh\u00edculo para determinar su estado de funcionamiento.<\/span><\/p>\n<p>[\/et_pb_text][\/et_pb_column][et_pb_column type=\u00bb1_3&#8243; _builder_version=\u00bb4.27.4&#8243; _module_preset=\u00bbdefault\u00bb global_colors_info=\u00bb{}\u00bb][et_pb_text _builder_version=\u00bb4.27.4&#8243; _module_preset=\u00bbdefault\u00bb text_text_color=\u00bb#FFFFFF\u00bb text_font_size=\u00bb21px\u00bb global_colors_info=\u00bb{}\u00bb]<\/p>\n<p style=\"text-align: justify;\"><span>Examen del veh\u00edculo para determinar las causas que provocaron el\u00a0<\/span><strong>accidente<\/strong><span>\u00a0y constatar si existe una relaci\u00f3n entre lo que se supone que ha causado los da\u00f1os y los da\u00f1os reales del veh\u00edculo<\/span><\/p>\n<p>[\/et_pb_text][\/et_pb_column][et_pb_column type=\u00bb1_3&#8243; _builder_version=\u00bb4.27.4&#8243; _module_preset=\u00bbdefault\u00bb global_colors_info=\u00bb{}\u00bb][et_pb_text _builder_version=\u00bb4.27.4&#8243; _module_preset=\u00bbdefault\u00bb text_text_color=\u00bb#FFFFFF\u00bb text_font_size=\u00bb21px\u00bb global_colors_info=\u00bb{}\u00bb]<\/p>\n<p style=\"text-align: justify;\"><strong>Informe pericial<\/strong><span>\u00a0profesional detallado que, si fuera necesario, defenderemos en sede judicial frente a la otra parte en disputa, ya sea esta un particular, concesionario o marca de veh\u00edculos.<\/span><\/p>\n<p>[\/et_pb_text][\/et_pb_column][\/et_pb_row][\/et_pb_section][et_pb_section fb_built=\u00bb1&#8243; admin_label=\u00bbFooter\u00bb _builder_version=\u00bb4.27.4&#8243; _module_preset=\u00bbdefault\u00bb background_color=\u00bbrgba(0,0,0,0.12)\u00bb saved_tabs=\u00bball\u00bb collapsed=\u00bbon\u00bb global_colors_info=\u00bb{}\u00bb][et_pb_row _builder_version=\u00bb4.27.4&#8243; _module_preset=\u00bbdefault\u00bb global_colors_info=\u00bb{}\u00bb][et_pb_column type=\u00bb4_4&#8243; _builder_version=\u00bb4.27.4&#8243; _module_preset=\u00bbdefault\u00bb global_colors_info=\u00bb{}\u00bb][et_pb_accordion _builder_version=\u00bb4.27.4&#8243; _module_preset=\u00bbdefault\u00bb global_colors_info=\u00bb{}\u00bb][et_pb_accordion_item title=\u00bbServicios destacados\u00bb open=\u00bbon\u00bb _builder_version=\u00bb4.27.4&#8243; _module_preset=\u00bbdefault\u00bb global_colors_info=\u00bb{}\u00bb]<\/p>\n<p>Peritaci\u00f3n R\u00e1pida<\/p>\n<p>Revisi\u00f3n de las reparaciones realizadas si el cliente lo desea<\/p>\n<p>Comunicaci\u00f3n r\u00e1pida entre compa\u00f1\u00eda y peritos<\/p>\n<p>Informes para legalizaci\u00f3n de todo tipo de veh\u00edculos<\/p>\n<p>Verificaci\u00f3n de riesgos<\/p>\n<p>Informes judiciales<\/p>\n<p><strong>Vicios ocultos<\/strong><\/p>\n<p>Comprobaci\u00f3n de reparaciones<\/p>\n<p>Auditor\u00edas<\/p>\n<p>Peritaje de flota industrial<\/p>\n<p>Comprobaci\u00f3n de riesgos<\/p>\n<p>[\/et_pb_accordion_item][et_pb_accordion_item title=\u00bbVeh\u00edculos sobre los que hacemos Peritaciones\u00bb _builder_version=\u00bb4.27.4&#8243; _module_preset=\u00bbdefault\u00bb global_colors_info=\u00bb{}\u00bb open=\u00bboff\u00bb]<\/p>\n<p>Turismos<\/p>\n<p>Motocicletas<\/p>\n<p>Caravanas y autocaravanas<\/p>\n<p>Maquinaria industrial y para obra p\u00fablica<\/p>\n<p>Cabezas tractoras y semiremolques<\/p>\n<p>Agr\u00edcolas<\/p>\n<p>Camiones<\/p>\n<p>Embarcaciones<\/p>\n<p>Bicicletas<\/p>\n<p>Quad<\/p>\n<p>Ciclomotores<\/p>\n<p>Veh\u00edculo industrial ligero y pesado<\/p>\n<p>Veh\u00edculos de mercancias<\/p>\n<p>[\/et_pb_accordion_item][et_pb_accordion_item title=\u00bbHacemos peritaciones para&#8230;\u00bb _builder_version=\u00bb4.27.4&#8243; _module_preset=\u00bbdefault\u00bb global_colors_info=\u00bb{}\u00bb open=\u00bboff\u00bb]<\/p>\n<p>Particulares<\/p>\n<p>Aseguradoras<\/p>\n<p>Compa\u00f1\u00edas de veh\u00edculos para comprobaci\u00f3n de garant\u00edas<\/p>\n<p>Entidades financieras<\/p>\n<p>Compa\u00f1\u00edas de Renting, leasing<\/p>\n<p>Compa\u00f1\u00edas de alquiler de veh\u00edculos<\/p>\n<p>Despachos de abogados<\/p>\n<p>Empresas que tienen flotas de veh\u00edculos<\/p>\n<p>Corredur\u00edas<\/p>\n<p>[\/et_pb_accordion_item][et_pb_accordion_item title=\u00bbSomos especialistas en&#8230;.\u00bb _builder_version=\u00bb4.27.4&#8243; _module_preset=\u00bbdefault\u00bb global_colors_info=\u00bb{}\u00bb open=\u00bboff\u00bb]<\/p>\n<p>Siniestros de veh\u00edculos.<span>\u00a0<\/span><strong>Accidentes<\/strong>.<\/p>\n<p>Comprobaci\u00f3n de piezas no originales<\/p>\n<p>Rectificaciones de emisiones de gases<\/p>\n<p>Kil\u00f3metros reales de veh\u00edculos<\/p>\n<p>Determinaci\u00f3n de \u00a0pinturas originales en veh\u00edculos<\/p>\n<p>Informes periciales para juzgados<\/p>\n<p><strong>Vicios ocultos en veh\u00edculos de segunda mano.<\/strong><\/p>\n<p>[\/et_pb_accordion_item][\/et_pb_accordion][\/et_pb_column][\/et_pb_row][\/et_pb_section][et_pb_section fb_built=\u00bb1&#8243; fullwidth=\u00bbon\u00bb theme_builder_area=\u00bbpost_content\u00bb _builder_version=\u00bb4.27.4&#8243; _module_preset=\u00bbdefault\u00bb][et_pb_fullwidth_image src=\u00bbhttps:\/\/peritacionespablolazaro.es\/wp-content\/uploads\/2025\/02\/logos-estado.png\u00bb _builder_version=\u00bb4.27.4&#8243; _module_preset=\u00bbdefault\u00bb theme_builder_area=\u00bbpost_content\u00bb title_text=\u00bblogos-estado\u00bb hover_enabled=\u00bb0&#8243; sticky_enabled=\u00bb0&#8243;][\/et_pb_fullwidth_image][\/et_pb_section]<\/p>","protected":false},"excerpt":{"rendered":"<p>Peritaci\u00f3n profesional de tu veh\u00edculoEn PERITACIONES PABLO LAZARO nos especializamos en ofrecer servicios profesionales de peritaje para veh\u00edculos. Con una s\u00f3lida experiencia en el sector, evaluamos detalladamente el estado y el valor de cada autom\u00f3vil, proporcionando informes precisos y confiables tanto para aseguradoras, compradores como vendedores. Nuestro compromiso es garantizar la transparencia y la eficiencia [&hellip;]<\/p>","protected":false},"author":1,"featured_media":0,"parent":0,"menu_order":0,"comment_status":"closed","ping_status":"closed","template":"","meta":{"_et_pb_use_builder":"on","_et_pb_old_content":"","_et_gb_content_width":"","footnotes":""},"class_list":["post-39","page","type-page","status-publish","hentry"],"yoast_head":"<!-- This site is optimized with the Yoast SEO plugin v26.9 - https:\/\/yoast.com\/product\/yoast-seo-wordpress\/ -->\n<title>Inicio - Peritaciones Pablo Lazaro<\/title>\n<meta name=\"robots\" content=\"index, follow, max-snippet:-1, max-image-preview:large, max-video-preview:-1\" \/>\n<link rel=\"canonical\" href=\"https:\/\/peritacionespablolazaro.es\/en\/\" \/>\n<meta property=\"og:locale\" content=\"en_US\" \/>\n<meta property=\"og:type\" content=\"article\" \/>\n<meta property=\"og:title\" content=\"Inicio - Peritaciones Pablo Lazaro\" \/>\n<meta property=\"og:description\" content=\"Peritaci\u00f3n profesional de tu veh\u00edculoEn PERITACIONES PABLO LAZARO nos especializamos en ofrecer servicios profesionales de peritaje para veh\u00edculos. Con una s\u00f3lida experiencia en el sector, evaluamos detalladamente el estado y el valor de cada autom\u00f3vil, proporcionando informes precisos y confiables tanto para aseguradoras, compradores como vendedores. Nuestro compromiso es garantizar la transparencia y la eficiencia [&hellip;]\" \/>\n<meta property=\"og:url\" content=\"https:\/\/peritacionespablolazaro.es\/en\/\" \/>\n<meta property=\"og:site_name\" content=\"Peritaciones Pablo Lazaro\" \/>\n<meta property=\"article:modified_time\" content=\"2025-02-27T10:46:25+00:00\" \/>\n<meta name=\"twitter:card\" content=\"summary_large_image\" \/>\n<meta name=\"twitter:label1\" content=\"Est. reading time\" \/>\n\t<meta name=\"twitter:data1\" content=\"9 minutes\" \/>\n<script type=\"application\/ld+json\" class=\"yoast-schema-graph\">{\"@context\":\"https:\/\/schema.org\",\"@graph\":[{\"@type\":\"WebPage\",\"@id\":\"https:\/\/peritacionespablolazaro.es\/\",\"url\":\"https:\/\/peritacionespablolazaro.es\/\",\"name\":\"Inicio - Peritaciones Pablo Lazaro\",\"isPartOf\":{\"@id\":\"https:\/\/peritacionespablolazaro.es\/#website\"},\"datePublished\":\"2025-02-05T12:48:36+00:00\",\"dateModified\":\"2025-02-27T10:46:25+00:00\",\"breadcrumb\":{\"@id\":\"https:\/\/peritacionespablolazaro.es\/#breadcrumb\"},\"inLanguage\":\"en-US\",\"potentialAction\":[{\"@type\":\"ReadAction\",\"target\":[\"https:\/\/peritacionespablolazaro.es\/\"]}]},{\"@type\":\"BreadcrumbList\",\"@id\":\"https:\/\/peritacionespablolazaro.es\/#breadcrumb\",\"itemListElement\":[{\"@type\":\"ListItem\",\"position\":1,\"name\":\"Portada\",\"item\":\"https:\/\/peritacionespablolazaro.es\/\"},{\"@type\":\"ListItem\",\"position\":2,\"name\":\"Inicio\"}]},{\"@type\":\"WebSite\",\"@id\":\"https:\/\/peritacionespablolazaro.es\/#website\",\"url\":\"https:\/\/peritacionespablolazaro.es\/\",\"name\":\"Peritaciones Pablo Lazaro\",\"description\":\"Perito Valladolid\",\"publisher\":{\"@id\":\"https:\/\/peritacionespablolazaro.es\/#organization\"},\"potentialAction\":[{\"@type\":\"SearchAction\",\"target\":{\"@type\":\"EntryPoint\",\"urlTemplate\":\"https:\/\/peritacionespablolazaro.es\/?s={search_term_string}\"},\"query-input\":{\"@type\":\"PropertyValueSpecification\",\"valueRequired\":true,\"valueName\":\"search_term_string\"}}],\"inLanguage\":\"en-US\"},{\"@type\":\"Organization\",\"@id\":\"https:\/\/peritacionespablolazaro.es\/#organization\",\"name\":\"Peritaciones Pablo Lazaro\",\"url\":\"https:\/\/peritacionespablolazaro.es\/\",\"logo\":{\"@type\":\"ImageObject\",\"inLanguage\":\"en-US\",\"@id\":\"https:\/\/peritacionespablolazaro.es\/#\/schema\/logo\/image\/\",\"url\":\"https:\/\/peritacionespablolazaro.es\/wp-content\/uploads\/2025\/02\/PABLO-LAZARO.png\",\"contentUrl\":\"https:\/\/peritacionespablolazaro.es\/wp-content\/uploads\/2025\/02\/PABLO-LAZARO.png\",\"width\":500,\"height\":500,\"caption\":\"Peritaciones Pablo Lazaro\"},\"image\":{\"@id\":\"https:\/\/peritacionespablolazaro.es\/#\/schema\/logo\/image\/\"}}]}<\/script>\n<!-- \/ Yoast SEO plugin. -->","yoast_head_json":{"title":"Inicio - Peritaciones Pablo Lazaro","robots":{"index":"index","follow":"follow","max-snippet":"max-snippet:-1","max-image-preview":"max-image-preview:large","max-video-preview":"max-video-preview:-1"},"canonical":"https:\/\/peritacionespablolazaro.es\/en\/","og_locale":"en_US","og_type":"article","og_title":"Inicio - Peritaciones Pablo Lazaro","og_description":"Peritaci\u00f3n profesional de tu veh\u00edculoEn PERITACIONES PABLO LAZARO nos especializamos en ofrecer servicios profesionales de peritaje para veh\u00edculos. Con una s\u00f3lida experiencia en el sector, evaluamos detalladamente el estado y el valor de cada autom\u00f3vil, proporcionando informes precisos y confiables tanto para aseguradoras, compradores como vendedores. Nuestro compromiso es garantizar la transparencia y la eficiencia [&hellip;]","og_url":"https:\/\/peritacionespablolazaro.es\/en\/","og_site_name":"Peritaciones Pablo Lazaro","article_modified_time":"2025-02-27T10:46:25+00:00","twitter_card":"summary_large_image","twitter_misc":{"Est. reading time":"9 minutes"},"schema":{"@context":"https:\/\/schema.org","@graph":[{"@type":"WebPage","@id":"https:\/\/peritacionespablolazaro.es\/","url":"https:\/\/peritacionespablolazaro.es\/","name":"Inicio - Peritaciones Pablo Lazaro","isPartOf":{"@id":"https:\/\/peritacionespablolazaro.es\/#website"},"datePublished":"2025-02-05T12:48:36+00:00","dateModified":"2025-02-27T10:46:25+00:00","breadcrumb":{"@id":"https:\/\/peritacionespablolazaro.es\/#breadcrumb"},"inLanguage":"en-US","potentialAction":[{"@type":"ReadAction","target":["https:\/\/peritacionespablolazaro.es\/"]}]},{"@type":"BreadcrumbList","@id":"https:\/\/peritacionespablolazaro.es\/#breadcrumb","itemListElement":[{"@type":"ListItem","position":1,"name":"Portada","item":"https:\/\/peritacionespablolazaro.es\/"},{"@type":"ListItem","position":2,"name":"Inicio"}]},{"@type":"WebSite","@id":"https:\/\/peritacionespablolazaro.es\/#website","url":"https:\/\/peritacionespablolazaro.es\/","name":"Peritaciones Pablo Lazaro","description":"Perito Valladolid","publisher":{"@id":"https:\/\/peritacionespablolazaro.es\/#organization"},"potentialAction":[{"@type":"SearchAction","target":{"@type":"EntryPoint","urlTemplate":"https:\/\/peritacionespablolazaro.es\/?s={search_term_string}"},"query-input":{"@type":"PropertyValueSpecification","valueRequired":true,"valueName":"search_term_string"}}],"inLanguage":"en-US"},{"@type":"Organization","@id":"https:\/\/peritacionespablolazaro.es\/#organization","name":"Peritaciones Pablo Lazaro","url":"https:\/\/peritacionespablolazaro.es\/","logo":{"@type":"ImageObject","inLanguage":"en-US","@id":"https:\/\/peritacionespablolazaro.es\/#\/schema\/logo\/image\/","url":"https:\/\/peritacionespablolazaro.es\/wp-content\/uploads\/2025\/02\/PABLO-LAZARO.png","contentUrl":"https:\/\/peritacionespablolazaro.es\/wp-content\/uploads\/2025\/02\/PABLO-LAZARO.png","width":500,"height":500,"caption":"Peritaciones Pablo Lazaro"},"image":{"@id":"https:\/\/peritacionespablolazaro.es\/#\/schema\/logo\/image\/"}}]}},"_links":{"self":[{"href":"https:\/\/peritacionespablolazaro.es\/en\/wp-json\/wp\/v2\/pages\/39","targetHints":{"allow":["GET"]}}],"collection":[{"href":"https:\/\/peritacionespablolazaro.es\/en\/wp-json\/wp\/v2\/pages"}],"about":[{"href":"https:\/\/peritacionespablolazaro.es\/en\/wp-json\/wp\/v2\/types\/page"}],"author":[{"embeddable":true,"href":"https:\/\/peritacionespablolazaro.es\/en\/wp-json\/wp\/v2\/users\/1"}],"replies":[{"embeddable":true,"href":"https:\/\/peritacionespablolazaro.es\/en\/wp-json\/wp\/v2\/comments?post=39"}],"version-history":[{"count":8,"href":"https:\/\/peritacionespablolazaro.es\/en\/wp-json\/wp\/v2\/pages\/39\/revisions"}],"predecessor-version":[{"id":117,"href":"https:\/\/peritacionespablolazaro.es\/en\/wp-json\/wp\/v2\/pages\/39\/revisions\/117"}],"wp:attachment":[{"href":"https:\/\/peritacionespablolazaro.es\/en\/wp-json\/wp\/v2\/media?parent=39"}],"curies":[{"name":"wp","href":"https:\/\/api.w.org\/{rel}","templated":true}]}}